{"id":21,"date":"2023-02-12T16:30:45","date_gmt":"2023-02-12T16:30:45","guid":{"rendered":"https:\/\/mobius-electronic.com\/about\/"},"modified":"2024-02-23T14:32:10","modified_gmt":"2024-02-23T14:32:10","slug":"about","status":"publish","type":"page","link":"https:\/\/mobius-electronic.com\/fr\/about\/","title":{"rendered":"\u00c0 propos"},"content":{"rendered":"<h1><strong>Qui sommes-nous?<\/strong><\/h1>\n\n<p><strong>Mobius \u00c9lectronique aide ses clients \u00e0 demeurer comp\u00e9titifs en leur simplifiant l\u2019acc\u00e8s aux technologies de pointe pour l\u2019acquisition et la g\u00e9n\u00e9ration de signaux \u00e9lectriques de haute pr\u00e9cision, l\u2019acquisition d\u2019images, le contr\u00f4le des machines et le traitement en temps r\u00e9el des signaux et des images.<\/strong><\/p>\n\n<p><strong style=\"font-size: large;\">Nous fournissons des solutions tr\u00e8s flexibles, \u00e9volutives et personnalisables tout en r\u00e9duisant le risque de la cha\u00eene d\u2019approvisionnement.<\/strong><\/p>\n\n\n\n\n\n\n\n\n<h1><b>Notre Mission, notre Vision et nos Valeurs<\/b><\/h1>\n\n\n\n\n\n<p style=\"margin-top:0cm;margin-right:0cm;margin-bottom:11.25pt;margin-left:0cm;background:white\"><font face=\"Roboto\"><span style=\"font-size: 18px;\">Notre expertise pour solutionner des probl\u00e8mes complexes le plus simplement possible.<\/span><\/font><\/p><p style=\"margin-top:0cm;margin-right:0cm;margin-bottom:11.25pt;margin-left:0cm;background:white\"><span style=\"font-size:13.5pt;font-family:Roboto;color:#3C4858\">Le Ruban de M\u00f6bius est un objet tr\u00e8s simple mais \u00e0 la fois unique en son genre. C\u2019est le seul objet qui existe \u00e0 partir d\u2019une bande en deux dimensions qui lorsqu\u2019on d\u00e9place un crayon \u00e0 sa surface, il pointe dans la direction oppos\u00e9e lorsqu\u2019il revient \u00e0 son point d\u2019origine.<o:p><\/o:p><\/span><\/p><p style=\"margin-top:0cm;margin-right:0cm;margin-bottom:11.25pt;margin-left:0cm;background:white\">\n\n<\/p><p style=\"margin: 0cm 0cm 11.25pt; background: white; -webkit-tap-highlight-color: transparent;\"><span style=\"font-size:13.5pt;font-family:Roboto;color:#3C4858\">Il est tr\u00e8s facile de proposer des solutions complexes aux probl\u00e8mes mais il est beaucoup plus complexe de leur trouver des solutions simples. Pourtant les solutions simples sont souvent les solutions qui assurent la plus grande fiabilit\u00e9, le plus faible co\u00fbt et la meilleure qualit\u00e9.<o:p><\/o:p><\/span><\/p>\n<p style=\"margin-top:0cm;margin-right:0cm;margin-bottom:11.25pt;margin-left:0cm;background:white\"><span style=\"font-size: 13.5pt; font-family: Roboto; color: rgb(60, 72, 88);\">La conception \u00e9lectronique aux limites de la technologie d'aujourd'hui pour la cr\u00e9ation des produits de demain.<\/span><\/p><p style=\"margin-top:0cm;margin-right:0cm;margin-bottom:11.25pt;margin-left:0cm;background:white\"><span style=\"font-size:13.5pt;font-family:Roboto;color:#3C4858\">Pour innover et cr\u00e9er des produits hautement comp\u00e9titifs dans le domaine de l'\u00e9lectronique il ne faut pas avoir peur de c\u00f4toyer les limites de la technologie. Pour nous c'est une passion.<o:p><\/o:p><\/span><\/p>\n\n\n\n<p [object namednodemap]><span style=\"font-size:13.5pt;font-family:Roboto;color:#3C4858\">La\u00a0<strong style=\"-webkit-tap-highlight-color: transparent;\">collaboration<\/strong>\u00a0non seulement entre les employ\u00e9s afin d'atteindre un but commun mais aussi pour mettre en valeur l'intelligence collective. La\u00a0<strong style=\"-webkit-tap-highlight-color: transparent;\">collaboration<\/strong>\u00a0avec nos clients afin de trouver la plus simple solution possible pour faire face aux emb\u00fbches rencontr\u00e9s lorsque la technologie est pouss\u00e9es \u00e0 ses limites. La\u00a0<strong style=\"-webkit-tap-highlight-color: transparent;\">collaboration<\/strong>\u00a0avec nos fournisseurs en partageant nos d\u00e9fis technologiques et ainsi trouver de nouvelles solutions qui apportent de la valeur tant \u00e0 nos fournisseurs qu'\u00e0 nos clients.<\/span><\/p>\n\n<p><font color=\"#3c4858\" face=\"Roboto\"><span style=\"font-size: 18px;\"><strong>La cr\u00e9ativit\u00e9 <\/strong>conduit \u00e0 l'innovation. Ceci est possible en se donnant le droit de penser diff\u00e9remment. Chaque employ\u00e9 a l'espace pour exprimer sa cr\u00e9ativit\u00e9 afin de trouver la solution la simple et la plus robuste possible pour rencontre les besoins des clients.<\/span><\/font><\/p>\n\n\n\n<p [object namednodemap]><span style=\"font-size:13.5pt;line-height:107%;font-family:Roboto;mso-fareast-font-family:Calibri;mso-fareast-theme-font:minor-latin;mso-bidi-font-family:&quot;Times New Roman&quot;;mso-bidi-theme-font:minor-bidi;color:#3C4858;mso-ansi-language:EN-CA;mso-fareast-language:EN-US;mso-bidi-language:AR-SA\">La\u00a0<strong style=\"-webkit-tap-highlight-color: transparent;\">fiabilit\u00e9<\/strong>\u00a0des produits et services cr\u00e9\u00e9s \u00e0 partir de la solution la plus simple possible et ainsi garantir que les produits fonctionnent tel que souhait\u00e9, qu'ils rencontrent les attentes et qu'ils sont simples \u00e0 fabriquer.\u00a0<strong style=\"-webkit-tap-highlight-color: transparent;\">Fiabilit\u00e9<\/strong>\u00a0est au c\u0153ur de nos relations avec les clients, les fournisseurs et les employ\u00e9s par le respect de nos engagements.<\/span><br><\/p>\n\n\n<p [object namednodemap]><span style=\"font-weight: bolder;\"><span style=\"font-size: 13.5pt; font-family: Roboto; color: rgb(60, 72, 88);\">L'Agilit\u00e9<\/span><\/span><span style=\"font-size: 13.5pt; font-family: Roboto; color: rgb(60, 72, 88);\">\u00a0pour maximiser l'adaptation face aux employ\u00e9s, aux clients et aux fournisseurs.\u00a0<span style=\"font-weight: bolder; -webkit-tap-highlight-color: transparent;\">L'Agilit\u00e9<\/span>\u00a0pour adapter notre approche en fonction de l'\u00e9volution des technologies et du march\u00e9.<\/span><br><\/p>","protected":false},"excerpt":{"rendered":"","protected":false},"author":0,"featured_media":0,"parent":0,"menu_order":0,"comment_status":"closed","ping_status":"closed","template":"","meta":{"pagelayer_contact_templates":[],"_pagelayer_content":"","footnotes":""},"class_list":["post-21","page","type-page","status-publish","hentry"],"yoast_head":"<!-- This site is optimized with the Yoast SEO plugin v24.6 - https:\/\/yoast.com\/wordpress\/plugins\/seo\/ -->\n<title>About - Mobius Electronic<\/title>\n<meta name=\"robots\" content=\"index, follow, max-snippet:-1, max-image-preview:large, max-video-preview:-1\" \/>\n<link rel=\"canonical\" href=\"https:\/\/mobius-electronic.com\/fr\/about\/\" \/>\n<meta property=\"og:locale\" content=\"fr_CA\" \/>\n<meta property=\"og:type\" content=\"article\" \/>\n<meta property=\"og:title\" content=\"About - Mobius Electronic\" \/>\n<meta property=\"og:url\" content=\"https:\/\/mobius-electronic.com\/fr\/about\/\" \/>\n<meta property=\"og:site_name\" content=\"Mobius Electronic\" \/>\n<meta property=\"article:publisher\" content=\"https:\/\/www.linkedin.com\/company\/94228885\/\" \/>\n<meta property=\"article:modified_time\" content=\"2024-02-23T14:32:10+00:00\" \/>\n<meta property=\"og:image\" content=\"https:\/\/mobius-electronic.com\/wp-content\/uploads\/2024\/02\/Baniere.png\" \/>\n\t<meta property=\"og:image:width\" content=\"589\" \/>\n\t<meta property=\"og:image:height\" content=\"417\" \/>\n\t<meta property=\"og:image:type\" content=\"image\/png\" \/>\n<meta name=\"twitter:card\" content=\"summary_large_image\" \/>\n<meta name=\"twitter:label1\" content=\"Estimation du temps de lecture\" \/>\n\t<meta name=\"twitter:data1\" content=\"2 minutes\" \/>\n<script type=\"application\/ld+json\" class=\"yoast-schema-graph\">{\"@context\":\"https:\/\/schema.org\",\"@graph\":[{\"@type\":\"WebPage\",\"@id\":\"https:\/\/mobius-electronic.com\/about\/\",\"url\":\"https:\/\/mobius-electronic.com\/about\/\",\"name\":\"About - Mobius Electronic\",\"isPartOf\":{\"@id\":\"https:\/\/mobius-electronic.com\/#website\"},\"datePublished\":\"2023-02-12T16:30:45+00:00\",\"dateModified\":\"2024-02-23T14:32:10+00:00\",\"breadcrumb\":{\"@id\":\"https:\/\/mobius-electronic.com\/about\/#breadcrumb\"},\"inLanguage\":\"fr-CA\",\"potentialAction\":[{\"@type\":\"ReadAction\",\"target\":[\"https:\/\/mobius-electronic.com\/about\/\"]}]},{\"@type\":\"BreadcrumbList\",\"@id\":\"https:\/\/mobius-electronic.com\/about\/#breadcrumb\",\"itemListElement\":[{\"@type\":\"ListItem\",\"position\":1,\"name\":\"Home\",\"item\":\"https:\/\/mobius-electronic.com\/\"},{\"@type\":\"ListItem\",\"position\":2,\"name\":\"About\"}]},{\"@type\":\"WebSite\",\"@id\":\"https:\/\/mobius-electronic.com\/#website\",\"url\":\"https:\/\/mobius-electronic.com\/\",\"name\":\"Mobius Electronic\",\"description\":\"Mobius Electronic Products\",\"publisher\":{\"@id\":\"https:\/\/mobius-electronic.com\/#organization\"},\"alternateName\":\"Mobius Electronics\",\"potentialAction\":[{\"@type\":\"SearchAction\",\"target\":{\"@type\":\"EntryPoint\",\"urlTemplate\":\"https:\/\/mobius-electronic.com\/?s={search_term_string}\"},\"query-input\":{\"@type\":\"PropertyValueSpecification\",\"valueRequired\":true,\"valueName\":\"search_term_string\"}}],\"inLanguage\":\"fr-CA\"},{\"@type\":\"Organization\",\"@id\":\"https:\/\/mobius-electronic.com\/#organization\",\"name\":\"Mobius Electronic\",\"url\":\"https:\/\/mobius-electronic.com\/\",\"logo\":{\"@type\":\"ImageObject\",\"inLanguage\":\"fr-CA\",\"@id\":\"https:\/\/mobius-electronic.com\/#\/schema\/logo\/image\/\",\"url\":\"https:\/\/mobius-electronic.com\/wp-content\/uploads\/2023\/02\/cropped-cropped-cropped-Ruban-Mobi-2.png\",\"contentUrl\":\"https:\/\/mobius-electronic.com\/wp-content\/uploads\/2023\/02\/cropped-cropped-cropped-Ruban-Mobi-2.png\",\"width\":512,\"height\":512,\"caption\":\"Mobius Electronic\"},\"image\":{\"@id\":\"https:\/\/mobius-electronic.com\/#\/schema\/logo\/image\/\"},\"sameAs\":[\"https:\/\/www.linkedin.com\/company\/94228885\/\"]}]}<\/script>\n<!-- \/ Yoast SEO plugin. -->","yoast_head_json":{"title":"About - Mobius Electronic","robots":{"index":"index","follow":"follow","max-snippet":"max-snippet:-1","max-image-preview":"max-image-preview:large","max-video-preview":"max-video-preview:-1"},"canonical":"https:\/\/mobius-electronic.com\/fr\/about\/","og_locale":"fr_CA","og_type":"article","og_title":"About - Mobius Electronic","og_url":"https:\/\/mobius-electronic.com\/fr\/about\/","og_site_name":"Mobius Electronic","article_publisher":"https:\/\/www.linkedin.com\/company\/94228885\/","article_modified_time":"2024-02-23T14:32:10+00:00","og_image":[{"width":589,"height":417,"url":"https:\/\/mobius-electronic.com\/wp-content\/uploads\/2024\/02\/Baniere.png","type":"image\/png"}],"twitter_card":"summary_large_image","twitter_misc":{"Estimation du temps de lecture":"2 minutes"},"schema":{"@context":"https:\/\/schema.org","@graph":[{"@type":"WebPage","@id":"https:\/\/mobius-electronic.com\/about\/","url":"https:\/\/mobius-electronic.com\/about\/","name":"About - Mobius Electronic","isPartOf":{"@id":"https:\/\/mobius-electronic.com\/#website"},"datePublished":"2023-02-12T16:30:45+00:00","dateModified":"2024-02-23T14:32:10+00:00","breadcrumb":{"@id":"https:\/\/mobius-electronic.com\/about\/#breadcrumb"},"inLanguage":"fr-CA","potentialAction":[{"@type":"ReadAction","target":["https:\/\/mobius-electronic.com\/about\/"]}]},{"@type":"BreadcrumbList","@id":"https:\/\/mobius-electronic.com\/about\/#breadcrumb","itemListElement":[{"@type":"ListItem","position":1,"name":"Home","item":"https:\/\/mobius-electronic.com\/"},{"@type":"ListItem","position":2,"name":"About"}]},{"@type":"WebSite","@id":"https:\/\/mobius-electronic.com\/#website","url":"https:\/\/mobius-electronic.com\/","name":"Mobius Electronic","description":"Mobius Electronic Products","publisher":{"@id":"https:\/\/mobius-electronic.com\/#organization"},"alternateName":"Mobius Electronics","potentialAction":[{"@type":"SearchAction","target":{"@type":"EntryPoint","urlTemplate":"https:\/\/mobius-electronic.com\/?s={search_term_string}"},"query-input":{"@type":"PropertyValueSpecification","valueRequired":true,"valueName":"search_term_string"}}],"inLanguage":"fr-CA"},{"@type":"Organization","@id":"https:\/\/mobius-electronic.com\/#organization","name":"Mobius Electronic","url":"https:\/\/mobius-electronic.com\/","logo":{"@type":"ImageObject","inLanguage":"fr-CA","@id":"https:\/\/mobius-electronic.com\/#\/schema\/logo\/image\/","url":"https:\/\/mobius-electronic.com\/wp-content\/uploads\/2023\/02\/cropped-cropped-cropped-Ruban-Mobi-2.png","contentUrl":"https:\/\/mobius-electronic.com\/wp-content\/uploads\/2023\/02\/cropped-cropped-cropped-Ruban-Mobi-2.png","width":512,"height":512,"caption":"Mobius Electronic"},"image":{"@id":"https:\/\/mobius-electronic.com\/#\/schema\/logo\/image\/"},"sameAs":["https:\/\/www.linkedin.com\/company\/94228885\/"]}]}},"_links":{"self":[{"href":"https:\/\/mobius-electronic.com\/fr\/wp-json\/wp\/v2\/pages\/21","targetHints":{"allow":["GET"]}}],"collection":[{"href":"https:\/\/mobius-electronic.com\/fr\/wp-json\/wp\/v2\/pages"}],"about":[{"href":"https:\/\/mobius-electronic.com\/fr\/wp-json\/wp\/v2\/types\/page"}],"replies":[{"embeddable":true,"href":"https:\/\/mobius-electronic.com\/fr\/wp-json\/wp\/v2\/comments?post=21"}],"version-history":[{"count":0,"href":"https:\/\/mobius-electronic.com\/fr\/wp-json\/wp\/v2\/pages\/21\/revisions"}],"wp:attachment":[{"href":"https:\/\/mobius-electronic.com\/fr\/wp-json\/wp\/v2\/media?parent=21"}],"curies":[{"name":"wp","href":"https:\/\/api.w.org\/{rel}","templated":true}]}}